{"id":2772,"date":"2021-05-13T09:39:06","date_gmt":"2021-05-13T07:39:06","guid":{"rendered":"https:\/\/skin-medic.pl\/akademia\/?post_type=product&#038;p=2772"},"modified":"2021-09-07T12:13:04","modified_gmt":"2021-09-07T10:13:04","slug":"kwas-hialuronowy-i-wypelniacze-poziom-i","status":"publish","type":"product","link":"https:\/\/skin-medic.pl\/akademia\/produkt\/kwas-hialuronowy-i-wypelniacze-poziom-i\/","title":{"rendered":"Szkolenie Kwas hialuronowy i wype\u0142niacze &#8211; poziom I"},"content":{"rendered":"<h3>Czym jest Kwas hialuronowy:<\/h3>\n<p>Kwas hialuronowy jest jednym z najbezpieczniejszych preparat\u00f3w maj\u0105cych szerokie zastosowanie w medycynie estetycznej.<\/p>\n<h3>Co to poziom podstawowy:<\/h3>\n<p>Poziom podstawowy obejmuje swoim zakresem mi\u0119dzy innymi modelowanie i powi\u0119kszanie ust podstawowymi metodami, wype\u0142nianie zmarszczek takich jak bruzdy nosowo wargowe, linie marionetki, zmarszczki \u201epalacza\u201d oraz nauk\u0119 pracy na wype\u0142niaczach aby zagwarantowa\u0107 najwy\u017cszy poziom bezpiecze\u0144stwa pacjent\u00f3w.<\/p>\n<p>Szkolenie z zakresu poziomu podstawowego zabieg\u00f3w z u\u017cyciem kwasu HA w Akademii Kliniki Medycyny Estetycznej Skin-Medic daje ka\u017cdemu uczestnikowi:<\/p>\n<ul>\n<li style=\"font-weight: 400;\" aria-level=\"1\"><span style=\"font-weight: 400;\">solidne podstawy teoretyczne<\/span><\/li>\n<li style=\"font-weight: 400;\" aria-level=\"1\"><span style=\"font-weight: 400;\">ogromne do\u015bwiadczenie praktyczne\u00a0<\/span><\/li>\n<li style=\"font-weight: 400;\" aria-level=\"1\"><span style=\"font-weight: 400;\">wsparcie i opiek\u0119 po szkoleniu<\/span><\/li>\n<li style=\"font-weight: 400;\" aria-level=\"1\"><span style=\"font-weight: 400;\">dost\u0119p do unikatowych ekskluzywnych preparat\u00f3w wprost z kolebki medycyny estetycznej &#8211; Korei Po\u0142udniowej\u00a0 <\/span><\/li>\n<\/ul>\n<p>Ka\u017cdy z uczestnik\u00f3w po zako\u0144czeniu szkolenia potrafi:<\/p>\n<ul>\n<li style=\"font-weight: 400;\" aria-level=\"1\"><span style=\"font-weight: 400;\">ca\u0142kowicie samodzielnie wykonywa\u0107 zabieg wed\u0142ug technik i procedur b\u0119d\u0105cych przedmiotem szkolenia<\/span><\/li>\n<li style=\"font-weight: 400;\" aria-level=\"1\"><span style=\"font-weight: 400;\">poprawnie zakwalifikowa\u0107 do wykonania zabiegu<\/span><\/li>\n<li style=\"font-weight: 400;\" aria-level=\"1\"><span style=\"font-weight: 400;\">w\u0142a\u015bciwie i trafnie oceni\u0107 rodzaj oraz ilo\u015b\u0107\u00a0 preparatu niezb\u0119dn\u0105 do uzyskania po\u017c\u0105danych efekt\u00f3w<\/span><\/li>\n<li style=\"font-weight: 400;\" aria-level=\"1\"><span style=\"font-weight: 400;\">kompetentnie oceni\u0107 ilo\u015b\u0107 zabieg\u00f3w po kt\u00f3rych po\u017c\u0105dane\u00a0 efekty zostan\u0105 uzyskane&#8217;<\/span><\/li>\n<\/ul>\n<h3>Zakres i program szkolenia:<\/h3>\n<ul>\n<li>Teoria (2 godz.):\n<ul>\n<li>bhp,<\/li>\n<li>kontakt z pacjentem,<\/li>\n<li>dezynfekcja,<\/li>\n<li>kwalifikacja do zabiegu,<\/li>\n<li>elementy anatomii twarzy,<\/li>\n<li>przeciwskazania wzgl\u0119dne i bezwzgl\u0119dne,<\/li>\n<li>mo\u017cliwe dzia\u0142ania niepo\u017c\u0105dane<\/li>\n<li>powik\u0142ania wraz z post\u0119powaniem,<\/li>\n<li>b\u0142\u0119dy oraz jak ich unika\u0107<\/li>\n<\/ul>\n<\/li>\n<li>Praktyka (6-8 godz.):\n<ul>\n<li>ka\u017cdy uczestnik kursu pod okiem trenera wykonuje na modelkach samodzielnie zabiegi (minimum 4 modelki na kursanta)<\/li>\n<\/ul>\n<\/li>\n<\/ul>\n","protected":false},"excerpt":{"rendered":"<p><span style=\"font-weight: 400;\">Czas szkolenia: 8-10 godzin<br \/>\n<\/span><span style=\"font-weight: 400;\">Ca\u0142kowita ilo\u015b\u0107 miejsc\/os\u00f3b: 4<\/span><\/p>\n<p>Cena: 2999 z\u0142<\/p>\n","protected":false},"featured_media":2515,"comment_status":"open","ping_status":"closed","template":"","meta":{"site-sidebar-layout":"default","site-content-layout":"default","ast-global-header-display":"","ast-banner-title-visibility":"","ast-main-header-display":"","ast-hfb-above-header-display":"","ast-hfb-below-header-display":"","ast-hfb-mobile-header-display":"","site-post-title":"","ast-breadcrumbs-content":"","ast-featured-img":"","footer-sml-layout":"","theme-transparent-header-meta":"default","adv-header-id-meta":"","stick-header-meta":"default","header-above-stick-meta":"","header-main-stick-meta":"","header-below-stick-meta":""},"product_cat":[45],"product_tag":[],"aioseo_notices":[],"_links":{"self":[{"href":"https:\/\/skin-medic.pl\/akademia\/wp-json\/wp\/v2\/product\/2772"}],"collection":[{"href":"https:\/\/skin-medic.pl\/akademia\/wp-json\/wp\/v2\/product"}],"about":[{"href":"https:\/\/skin-medic.pl\/akademia\/wp-json\/wp\/v2\/types\/product"}],"replies":[{"embeddable":true,"href":"https:\/\/skin-medic.pl\/akademia\/wp-json\/wp\/v2\/comments?post=2772"}],"version-history":[{"count":0,"href":"https:\/\/skin-medic.pl\/akademia\/wp-json\/wp\/v2\/product\/2772\/revisions"}],"wp:featuredmedia":[{"embeddable":true,"href":"https:\/\/skin-medic.pl\/akademia\/wp-json\/wp\/v2\/media\/2515"}],"wp:attachment":[{"href":"https:\/\/skin-medic.pl\/akademia\/wp-json\/wp\/v2\/media?parent=2772"}],"wp:term":[{"taxonomy":"product_cat","embeddable":true,"href":"https:\/\/skin-medic.pl\/akademia\/wp-json\/wp\/v2\/product_cat?post=2772"},{"taxonomy":"product_tag","embeddable":true,"href":"https:\/\/skin-medic.pl\/akademia\/wp-json\/wp\/v2\/product_tag?post=2772"}],"curies":[{"name":"wp","href":"https:\/\/api.w.org\/{rel}","templated":true}]}}