{"id":2847,"date":"2021-05-13T15:18:57","date_gmt":"2021-05-13T13:18:57","guid":{"rendered":"https:\/\/skin-medic.pl\/akademia\/?page_id=2847"},"modified":"2021-05-14T14:17:42","modified_gmt":"2021-05-14T12:17:42","slug":"audyt","status":"publish","type":"page","link":"https:\/\/skin-medic.pl\/akademia\/audyt\/","title":{"rendered":"Audyt"},"content":{"rendered":"\t\t<div data-elementor-type=\"wp-page\" data-elementor-id=\"2847\" class=\"elementor elementor-2847\">\n\t\t\t\t\t\t<div class=\"elementor-inner\">\n\t\t\t\t<div class=\"elementor-section-wrap\">\n\t\t\t\t\t\t\t\t\t<section class=\"elementor-section elementor-top-section elementor-element elementor-element-93b9152 elementor-section-boxed elementor-section-height-default elementor-section-height-default\" data-id=\"93b9152\" data-element_type=\"section\">\n\t\t\t\t\t\t<div class=\"elementor-container elementor-column-gap-default\">\n\t\t\t\t\t\t\t<div class=\"elementor-row\">\n\t\t\t\t\t<div class=\"elementor-column elementor-col-100 elementor-top-column elementor-element elementor-element-e18e7dd\" data-id=\"e18e7dd\" data-element_type=\"column\">\n\t\t\t<div class=\"elementor-column-wrap elementor-element-populated\">\n\t\t\t\t\t\t\t<div class=\"elementor-widget-wrap\">\n\t\t\t\t\t\t<div class=\"elementor-element elementor-element-a6c86da elementor-widget elementor-widget-heading\" data-id=\"a6c86da\" data-element_type=\"widget\" data-widget_type=\"heading.default\">\n\t\t\t\t<div class=\"elementor-widget-container\">\n\t\t\t<h2 class=\"elementor-heading-title elementor-size-default\">Specjalistyczny AUDYT Twojej plac\u00f3wki\n<\/h2>\t\t<\/div>\n\t\t\t\t<\/div>\n\t\t\t\t\t\t<\/div>\n\t\t\t\t\t<\/div>\n\t\t<\/div>\n\t\t\t\t\t\t\t\t<\/div>\n\t\t\t\t\t<\/div>\n\t\t<\/section>\n\t\t\t\t<section class=\"elementor-section elementor-top-section elementor-element elementor-element-97fa27a elementor-section-boxed elementor-section-height-default elementor-section-height-default\" data-id=\"97fa27a\" data-element_type=\"section\">\n\t\t\t\t\t\t<div class=\"elementor-container elementor-column-gap-default\">\n\t\t\t\t\t\t\t<div class=\"elementor-row\">\n\t\t\t\t\t<div class=\"elementor-column elementor-col-100 elementor-top-column elementor-element elementor-element-8b06137\" data-id=\"8b06137\" data-element_type=\"column\">\n\t\t\t<div class=\"elementor-column-wrap elementor-element-populated\">\n\t\t\t\t\t\t\t<div class=\"elementor-widget-wrap\">\n\t\t\t\t\t\t<div class=\"elementor-element elementor-element-98a7cf0 elementor-widget elementor-widget-text-editor\" data-id=\"98a7cf0\" data-element_type=\"widget\" data-widget_type=\"text-editor.default\">\n\t\t\t\t<div class=\"elementor-widget-container\">\n\t\t\t\t\t\t\t\t<div class=\"elementor-text-editor elementor-clearfix\">\n\t\t\t\t<p><strong>Je\u017celi i Ty pragniesz osi\u0105gn\u0105\u0107 wszystkie swoje cele i za\u0142o\u017cenia zwi\u0105zane z Twoim biznesem ale z jakiego\u015b powodu jest inaczej &#8211; ZMIE\u0143 TO TERAZ!<\/strong><\/p><p>Skin-Medic Klinika Medycyny Estetycznej to r\u00f3wnie\u017c bardzo dobrze zarz\u0105dzana plac\u00f3wka pod okiem najlepszych pozna\u0144skich menad\u017cer\u00f3w.<br \/>Na Twoje \u017cyczenie mo\u017cemy skutecznie pom\u00f3c rozwin\u0105\u0107 mocniej Tw\u00f3j biznes, dziel\u0105c si\u0119 wiedz\u0105, do\u015bwiadczeniem oraz stylem skutecznego zarz\u0105dzania.<br \/>W pierwszej fazie przygotujemy kompleksowy <strong>AUDYT TWOJEJ PLAC\u00d3WKI<\/strong> &#8211; od social medi\u00f3w, poprzez stron\u0119 www, Twoj\u0105 plac\u00f3wk\u0119, schemat prac, procedury, wizerunek marki jak i os\u00f3b tworz\u0105cych mark\u0119.<\/p><p>Nast\u0119pnie:<br \/>1. zapoznamy Ci\u0119 z jego wynikami, <br \/>2. zaproponujemy i zaplanujemy dalsze dzia\u0142ania kt\u00f3re przynios\u0105 oczekiwane przez Ciebie zmiany<br \/>3. wesprzemy Ci\u0119 w realizacji tych dzia\u0142a\u0144<br \/>4. podsumujemy osi\u0105gni\u0119te efekty i ewentualnie dokonamy optymalizacji proces\u00f3w, aby ka\u017cdy cieszy\u0142 si\u0119 symfoni\u0105 wydajno\u015bci<\/p>\t\t\t\t\t<\/div>\n\t\t\t\t\t\t<\/div>\n\t\t\t\t<\/div>\n\t\t\t\t\t\t<\/div>\n\t\t\t\t\t<\/div>\n\t\t<\/div>\n\t\t\t\t\t\t\t\t<\/div>\n\t\t\t\t\t<\/div>\n\t\t<\/section>\n\t\t\t\t<section class=\"elementor-section elementor-top-section elementor-element elementor-element-1483650 elementor-section-boxed elementor-section-height-default elementor-section-height-default\" data-id=\"1483650\" data-element_type=\"section\" data-settings=\"{&quot;background_background&quot;:&quot;classic&quot;}\">\n\t\t\t\t\t\t<div class=\"elementor-container elementor-column-gap-default\">\n\t\t\t\t\t\t\t<div class=\"elementor-row\">\n\t\t\t\t\t<div class=\"elementor-column elementor-col-50 elementor-top-column elementor-element elementor-element-778184b\" data-id=\"778184b\" data-element_type=\"column\">\n\t\t\t<div class=\"elementor-column-wrap elementor-element-populated\">\n\t\t\t\t\t\t\t<div class=\"elementor-widget-wrap\">\n\t\t\t\t\t\t<div class=\"elementor-element elementor-element-4cc8a0c elementor-widget elementor-widget-heading\" data-id=\"4cc8a0c\" data-element_type=\"widget\" data-widget_type=\"heading.default\">\n\t\t\t\t<div class=\"elementor-widget-container\">\n\t\t\t<h3 class=\"elementor-heading-title elementor-size-default\">Zakres audytu<\/h3>\t\t<\/div>\n\t\t\t\t<\/div>\n\t\t\t\t<div class=\"elementor-element elementor-element-8995377 elementor-widget elementor-widget-text-editor\" data-id=\"8995377\" data-element_type=\"widget\" data-widget_type=\"text-editor.default\">\n\t\t\t\t<div class=\"elementor-widget-container\">\n\t\t\t\t\t\t\t\t<div class=\"elementor-text-editor elementor-clearfix\">\n\t\t\t\t<ul><li><span style=\"font-weight: 400;\">analiza wizerunkowa<\/span><\/li><li>analiza marki<\/li><li>rozpoznanie potrzeb<\/li><li>rozpoznanie rynku<\/li><li>ewentualny rebranding<\/li><li>analiza procedur sanitarnych<\/li><li>analiza standard\u00f3w obs\u0142ugi klienta<\/li><li>analiza standard\u00f3w obs\u0142ugi social medi\u00f3w<\/li><li>analiza zakresu oferty<\/li><li>wygl\u0105d i odbi\u00f3r wizualny salonu<\/li><li>obs\u0142uga Klienta: online, telefoniczna, obs\u0142uga na miejscu w salonie<\/li><li>spos\u00f3b przedstawienia oferty oraz techniki dosprzeda\u017cy i sprzeda\u017cy \u0142\u0105czonej us\u0142ug<\/li><li>standardy obs\u0142ugi podczas zabiegu<\/li><li>analiza oferty &#8211; przedstawienia jej<\/li><li>analiza potencja\u0142u marketingowego sprzeda\u017cowego<\/li><li>wielopoziomowa analiza konkurencji<\/li><li>zwi\u0119kszenie potencja\u0142u marketingowego i sprzeda\u017cowego zar\u00f3wno stacjonarnie jak i online<\/li><\/ul>\t\t\t\t\t<\/div>\n\t\t\t\t\t\t<\/div>\n\t\t\t\t<\/div>\n\t\t\t\t\t\t<\/div>\n\t\t\t\t\t<\/div>\n\t\t<\/div>\n\t\t\t\t<div class=\"elementor-column elementor-col-50 elementor-top-column elementor-element elementor-element-ad48519\" data-id=\"ad48519\" data-element_type=\"column\">\n\t\t\t<div class=\"elementor-column-wrap elementor-element-populated\">\n\t\t\t\t\t\t\t<div class=\"elementor-widget-wrap\">\n\t\t\t\t\t\t<div class=\"elementor-element elementor-element-83a3d1e elementor-widget elementor-widget-image\" data-id=\"83a3d1e\" data-element_type=\"widget\" data-widget_type=\"image.default\">\n\t\t\t\t<div class=\"elementor-widget-container\">\n\t\t\t\t\t\t\t\t<div class=\"elementor-image\">\n\t\t\t\t\t\t\t\t\t\t\t\t<img decoding=\"async\" width=\"768\" height=\"432\" src=\"https:\/\/skin-medic.pl\/akademia\/wp-content\/uploads\/2021\/05\/audyt-2-768x432.jpg\" class=\"attachment-medium_large size-medium_large wp-image-2870\" alt=\"\" loading=\"lazy\" srcset=\"https:\/\/skin-medic.pl\/akademia\/wp-content\/uploads\/2021\/05\/audyt-2-768x432.jpg 768w, https:\/\/skin-medic.pl\/akademia\/wp-content\/uploads\/2021\/05\/audyt-2-300x169.jpg 300w, https:\/\/skin-medic.pl\/akademia\/wp-content\/uploads\/2021\/05\/audyt-2-600x338.jpg 600w, https:\/\/skin-medic.pl\/akademia\/wp-content\/uploads\/2021\/05\/audyt-2.jpg 800w\" sizes=\"(max-width: 768px) 100vw, 768px\" \/>\t\t\t\t\t\t\t\t\t\t\t\t\t\t<\/div>\n\t\t\t\t\t\t<\/div>\n\t\t\t\t<\/div>\n\t\t\t\t\t\t<\/div>\n\t\t\t\t\t<\/div>\n\t\t<\/div>\n\t\t\t\t\t\t\t\t<\/div>\n\t\t\t\t\t<\/div>\n\t\t<\/section>\n\t\t\t\t<section class=\"elementor-section elementor-top-section elementor-element elementor-element-1136272 elementor-reverse-mobile elementor-section-boxed elementor-section-height-default elementor-section-height-default\" data-id=\"1136272\" data-element_type=\"section\">\n\t\t\t\t\t\t<div class=\"elementor-container elementor-column-gap-default\">\n\t\t\t\t\t\t\t<div class=\"elementor-row\">\n\t\t\t\t\t<div class=\"elementor-column elementor-col-50 elementor-top-column elementor-element elementor-element-982faf7\" data-id=\"982faf7\" data-element_type=\"column\">\n\t\t\t<div class=\"elementor-column-wrap elementor-element-populated\">\n\t\t\t\t\t\t\t<div class=\"elementor-widget-wrap\">\n\t\t\t\t\t\t<div class=\"elementor-element elementor-element-10415af elementor-widget elementor-widget-image\" data-id=\"10415af\" data-element_type=\"widget\" data-widget_type=\"image.default\">\n\t\t\t\t<div class=\"elementor-widget-container\">\n\t\t\t\t\t\t\t\t<div class=\"elementor-image\">\n\t\t\t\t\t\t\t\t\t\t\t\t<img decoding=\"async\" width=\"768\" height=\"444\" src=\"https:\/\/skin-medic.pl\/akademia\/wp-content\/uploads\/2021\/05\/audyt-1-768x444.jpg\" class=\"attachment-medium_large size-medium_large wp-image-2869\" alt=\"\" loading=\"lazy\" srcset=\"https:\/\/skin-medic.pl\/akademia\/wp-content\/uploads\/2021\/05\/audyt-1-768x444.jpg 768w, https:\/\/skin-medic.pl\/akademia\/wp-content\/uploads\/2021\/05\/audyt-1-300x174.jpg 300w, https:\/\/skin-medic.pl\/akademia\/wp-content\/uploads\/2021\/05\/audyt-1-600x347.jpg 600w, https:\/\/skin-medic.pl\/akademia\/wp-content\/uploads\/2021\/05\/audyt-1.jpg 800w\" sizes=\"(max-width: 768px) 100vw, 768px\" \/>\t\t\t\t\t\t\t\t\t\t\t\t\t\t<\/div>\n\t\t\t\t\t\t<\/div>\n\t\t\t\t<\/div>\n\t\t\t\t\t\t<\/div>\n\t\t\t\t\t<\/div>\n\t\t<\/div>\n\t\t\t\t<div class=\"elementor-column elementor-col-50 elementor-top-column elementor-element elementor-element-6f885cf\" data-id=\"6f885cf\" data-element_type=\"column\">\n\t\t\t<div class=\"elementor-column-wrap elementor-element-populated\">\n\t\t\t\t\t\t\t<div class=\"elementor-widget-wrap\">\n\t\t\t\t\t\t<div class=\"elementor-element elementor-element-c445477 elementor-widget elementor-widget-heading\" data-id=\"c445477\" data-element_type=\"widget\" data-widget_type=\"heading.default\">\n\t\t\t\t<div class=\"elementor-widget-container\">\n\t\t\t<h3 class=\"elementor-heading-title elementor-size-default\">Raport\n<\/h3>\t\t<\/div>\n\t\t\t\t<\/div>\n\t\t\t\t<div class=\"elementor-element elementor-element-e47c329 elementor-widget elementor-widget-text-editor\" data-id=\"e47c329\" data-element_type=\"widget\" data-widget_type=\"text-editor.default\">\n\t\t\t\t<div class=\"elementor-widget-container\">\n\t\t\t\t\t\t\t\t<div class=\"elementor-text-editor elementor-clearfix\">\n\t\t\t\t<p>Po wykonaniu audytu otrzymujesz szeroki <strong>kompleksowy raport <\/strong>analizuj\u0105cy stan faktyczny Twojego biznesu, oraz wszystkie niezb\u0119dne kroki wraz z analiz\u0105 koszt\u00f3w (spokojnie &#8211; jeste\u015bmy z Poznania wiec wiemy jak oszcz\u0119dza\u0107 &#8211; szczeg\u00f3lnie bud\u017cet). Wykonanie tych krok\u00f3w z nasz\u0105 pomoc\u0105 pomo\u017ce Ci szybciej i \u0142atwiej osi\u0105gn\u0105\u0107 za\u0142o\u017cone cele.<\/p><p>W raporcie <strong>zawrzemy wszelkie sugestie i uwagi<\/strong>, opiszemy zar\u00f3wno mocne strony jak i te nie najmocniejsze. Zaproponujemy ich skuteczne rozwi\u0105zania oczywi\u015bcie zgodnie z zasad\u0105 ma\u0142ych krok\u00f3w i zbilansowanych wydatk\u00f3w bud\u017cetowych.<\/p><p>A je\u017celi zechcesz &#8211; pomo\u017cemy Tobie w jego wdro\u017ceniu.<\/p>\t\t\t\t\t<\/div>\n\t\t\t\t\t\t<\/div>\n\t\t\t\t<\/div>\n\t\t\t\t\t\t<\/div>\n\t\t\t\t\t<\/div>\n\t\t<\/div>\n\t\t\t\t\t\t\t\t<\/div>\n\t\t\t\t\t<\/div>\n\t\t<\/section>\n\t\t\t\t<section class=\"elementor-section elementor-top-section elementor-element elementor-element-4f02f7c elementor-section-boxed elementor-section-height-default elementor-section-height-default\" data-id=\"4f02f7c\" data-element_type=\"section\" data-settings=\"{&quot;background_background&quot;:&quot;classic&quot;}\">\n\t\t\t\t\t\t<div class=\"elementor-container elementor-column-gap-default\">\n\t\t\t\t\t\t\t<div class=\"elementor-row\">\n\t\t\t\t\t<div class=\"elementor-column elementor-col-50 elementor-top-column elementor-element elementor-element-7b1b228\" data-id=\"7b1b228\" data-element_type=\"column\">\n\t\t\t<div class=\"elementor-column-wrap elementor-element-populated\">\n\t\t\t\t\t\t\t<div class=\"elementor-widget-wrap\">\n\t\t\t\t\t\t<div class=\"elementor-element elementor-element-64bc32a elementor-widget elementor-widget-heading\" data-id=\"64bc32a\" data-element_type=\"widget\" data-widget_type=\"heading.default\">\n\t\t\t\t<div class=\"elementor-widget-container\">\n\t\t\t<h3 class=\"elementor-heading-title elementor-size-default\">Dodatkowe informacje<\/h3>\t\t<\/div>\n\t\t\t\t<\/div>\n\t\t\t\t<div class=\"elementor-element elementor-element-19a9de0 elementor-widget elementor-widget-text-editor\" data-id=\"19a9de0\" data-element_type=\"widget\" data-widget_type=\"text-editor.default\">\n\t\t\t\t<div class=\"elementor-widget-container\">\n\t\t\t\t\t\t\t\t<div class=\"elementor-text-editor elementor-clearfix\">\n\t\t\t\t<p><strong>Czas trwania audytu: <\/strong><br \/>W lokalu: 1 &#8211; 2 dni<br \/>W sieci: 1 &#8211; 2 dni<br \/>Personalny: 1 &#8211; 3 dni<\/p><p>Raport po 5 &#8211; 6 dniach od zako\u0144czenia audytu<\/p><p><strong>Cena<\/strong>:<\/p><ul><li>3999 z\u0142 (do 3 pracownik\u00f3w)<\/li><li>5999 z\u0142 (4 &#8211; 6 pracownik\u00f3w)<\/li><li>wi\u0119ksze przedsi\u0119biorstwa &#8211; ustalane indywidualnie<\/li><\/ul>\t\t\t\t\t<\/div>\n\t\t\t\t\t\t<\/div>\n\t\t\t\t<\/div>\n\t\t\t\t\t\t<\/div>\n\t\t\t\t\t<\/div>\n\t\t<\/div>\n\t\t\t\t<div class=\"elementor-column elementor-col-50 elementor-top-column elementor-element elementor-element-bfdfdd8\" data-id=\"bfdfdd8\" data-element_type=\"column\">\n\t\t\t<div class=\"elementor-column-wrap elementor-element-populated\">\n\t\t\t\t\t\t\t<div class=\"elementor-widget-wrap\">\n\t\t\t\t\t\t<div class=\"elementor-element elementor-element-f4822dd elementor-widget elementor-widget-text-editor\" data-id=\"f4822dd\" data-element_type=\"widget\" data-widget_type=\"text-editor.default\">\n\t\t\t\t<div class=\"elementor-widget-container\">\n\t\t\t\t\t\t\t\t<div class=\"elementor-text-editor elementor-clearfix\">\n\t\t\t\t<p><b>Wa\u017cne<\/b>: podczas trwania audytu zachowujemy zasad\u0119 poufno\u015bci, wi\u0119c nie przekazujemy \u017cadnych informacji. Pracujemy w oparciu o umowy o poufno\u015bci i nie gromadzimy ani nie przetwarzamy \u017cadnych danych, a po zako\u0144czeniu us\u0142ugi wszelkie materia\u0142y przekazujemy:<\/p><ul><li>na r\u0119ce w\u0142a\u015bciciela<\/li><li>w przypadku sp\u00f3\u0142ek z o.o.: na r\u0119ce udzia\u0142owc\u00f3w oraz za zgoda udzia\u0142owc\u00f3w na r\u0119ce zarz\u0105du, <\/li><li>w przypadku sp\u00f3\u0142ek z o.o. komandytowych: na r\u0119ce komplementariusza (lub jego reprezentant\u00f3w) komandytariusza (lub jego reprezentant\u00f3w)<\/li><li>w przypadku sp\u00f3\u0142ek akcyjnych: do wiadomo\u015bci walnego zgromadzenia akcjonariuszy WZA)<\/li><\/ul>\t\t\t\t\t<\/div>\n\t\t\t\t\t\t<\/div>\n\t\t\t\t<\/div>\n\t\t\t\t\t\t<\/div>\n\t\t\t\t\t<\/div>\n\t\t<\/div>\n\t\t\t\t\t\t\t\t<\/div>\n\t\t\t\t\t<\/div>\n\t\t<\/section>\n\t\t\t\t\t\t\t\t\t<\/div>\n\t\t\t<\/div>\n\t\t\t\t\t<\/div>\n\t\t","protected":false},"excerpt":{"rendered":"<p>Specjalistyczny AUDYT Twojej plac\u00f3wki Je\u017celi i Ty pragniesz osi\u0105gn\u0105\u0107 wszystkie swoje cele i za\u0142o\u017cenia zwi\u0105zane z Twoim biznesem ale z jakiego\u015b powodu jest inaczej &#8211; ZMIE\u0143 TO TERAZ! Skin-Medic Klinika Medycyny Estetycznej to r\u00f3wnie\u017c bardzo dobrze zarz\u0105dzana plac\u00f3wka pod okiem najlepszych pozna\u0144skich menad\u017cer\u00f3w.Na Twoje \u017cyczenie mo\u017cemy skutecznie pom\u00f3c rozwin\u0105\u0107 mocniej Tw\u00f3j biznes, dziel\u0105c si\u0119 wiedz\u0105, &hellip;<\/p>\n<p class=\"read-more\"> <a class=\"\" href=\"https:\/\/skin-medic.pl\/akademia\/audyt\/\"> <span class=\"screen-reader-text\">Audyt<\/span> Read More &raquo;<\/a><\/p>\n","protected":false},"author":1,"featured_media":0,"parent":0,"menu_order":0,"comment_status":"closed","ping_status":"closed","template":"elementor_header_footer","meta":{"site-sidebar-layout":"no-sidebar","site-content-layout":"page-builder","ast-global-header-display":"","ast-banner-title-visibility":"","ast-main-header-display":"","ast-hfb-above-header-display":"","ast-hfb-below-header-display":"","ast-hfb-mobile-header-display":"","site-post-title":"disabled","ast-breadcrumbs-content":"","ast-featured-img":"disabled","footer-sml-layout":"","theme-transparent-header-meta":"default","adv-header-id-meta":"","stick-header-meta":"default","header-above-stick-meta":"","header-main-stick-meta":"","header-below-stick-meta":""},"aioseo_notices":[],"_links":{"self":[{"href":"https:\/\/skin-medic.pl\/akademia\/wp-json\/wp\/v2\/pages\/2847"}],"collection":[{"href":"https:\/\/skin-medic.pl\/akademia\/wp-json\/wp\/v2\/pages"}],"about":[{"href":"https:\/\/skin-medic.pl\/akademia\/wp-json\/wp\/v2\/types\/page"}],"author":[{"embeddable":true,"href":"https:\/\/skin-medic.pl\/akademia\/wp-json\/wp\/v2\/users\/1"}],"replies":[{"embeddable":true,"href":"https:\/\/skin-medic.pl\/akademia\/wp-json\/wp\/v2\/comments?post=2847"}],"version-history":[{"count":0,"href":"https:\/\/skin-medic.pl\/akademia\/wp-json\/wp\/v2\/pages\/2847\/revisions"}],"wp:attachment":[{"href":"https:\/\/skin-medic.pl\/akademia\/wp-json\/wp\/v2\/media?parent=2847"}],"curies":[{"name":"wp","href":"https:\/\/api.w.org\/{rel}","templated":true}]}}